{"id":12,"date":"2011-07-14T13:46:39","date_gmt":"2011-07-14T13:46:39","guid":{"rendered":"http:\/\/lacittafutura.net\/matteociviero\/"},"modified":"2011-07-27T20:35:57","modified_gmt":"2011-07-27T20:35:57","slug":"questo-blog","status":"publish","type":"page","link":"https:\/\/lacittafutura.net\/matteociviero\/questo-blog\/","title":{"rendered":"Questo blog"},"content":{"rendered":"<p>&#8220;La bolina \u00e8 un&#8217;andatura che consente alla barca a vela di risalire il vento mantenendo un angolo con il vento reale mediamente tra i 60\u00b0 e i 37\u00b0. Questo angolo \u00e8 variabile a seconda del tipo di imbarcazione e al tipo di invelatura che essa supporta.<br \/>\nIl termine, bolina, deriva dal nome delle cime (bowlines = cavi di prua) che si usavano sulle navi a vela quadra per sostenere le balumine prodiere (nel caso specifico da intendere come &#8220;sopravvento&#8221;) delle vele durante quest&#8217;andatura.&#8221; (tratto da Wikipedia)<\/p>\n<p>Questo blog si occupa di Sostenibilit\u00e0. Ci sono svariate definizioni di sostenibilit\u00e0, e forse avr\u00f2 modo di presentarne alcune. Ma mi piace pensare alla sostenibilit\u00e0 come un viaggio, una meta da raggiungere. La metafora del mare \u00e8 particolarmente utile: nel mare non ci sono rotte gi\u00e0 tracciate, ma non si pu\u00f2 navigare a vista. Occorre avere un orizzonte a cui tendere. La bolina \u00e8 un&#8217;andatura che permette alla barca di andare controvento sfruttando il vento, non \u00e8 geniale? E&#8217; quello che dovremo fare anche noi, risolvere questo apparente paradosso, fare di pi\u00f9 con meno. In altre parole, dovremo sfruttare una sempre maggiore scarsit\u00e0 di risorse (naturali, economiche, sociali) e trovare un modello di nuova abbondanza.<\/p>\n<p>Questo blog, in maniera disordinata, confusa, sovrabbondante a volte, ma spero sempre in modo stimolante, vuole contribuire a indicare possibili rotte, rappresentare stelle polari che nel mezzo della navigazione, quando i tradizionali riferimenti sembrano perduti, segnalino una via d&#8217;uscita.<\/p>\n<p>\u201cViandante non c&#8217;\u00e8 un cammino, ma solo scie sul mare\u2026Viandante non c&#8217;\u00e8 cammino<br \/>\nla via si fa con l&#8217;andare&#8230;&#8221; (Antonio Machado)<\/p>\n","protected":false},"excerpt":{"rendered":"<p>&#8220;La bolina \u00e8 un&#8217;andatura che consente alla barca a vela di risalire il vento mantenendo un angolo con il vento reale mediamente tra i 60\u00b0 e i 37\u00b0. Questo angolo \u00e8 variabile a seconda del tipo di imbarcazione e al &hellip; <a href=\"https:\/\/lacittafutura.net\/matteociviero\/questo-blog\/\">Continua a leggere<span class=\"meta-nav\">&rarr;<\/span><\/a><\/p>\n","protected":false},"author":6,"featured_media":0,"parent":0,"menu_order":0,"comment_status":"open","ping_status":"open","template":"","meta":{"footnotes":""},"class_list":["post-12","page","type-page","status-publish","hentry"],"_links":{"self":[{"href":"https:\/\/lacittafutura.net\/matteociviero\/wp-json\/wp\/v2\/pages\/12","targetHints":{"allow":["GET"]}}],"collection":[{"href":"https:\/\/lacittafutura.net\/matteociviero\/wp-json\/wp\/v2\/pages"}],"about":[{"href":"https:\/\/lacittafutura.net\/matteociviero\/wp-json\/wp\/v2\/types\/page"}],"author":[{"embeddable":true,"href":"https:\/\/lacittafutura.net\/matteociviero\/wp-json\/wp\/v2\/users\/6"}],"replies":[{"embeddable":true,"href":"https:\/\/lacittafutura.net\/matteociviero\/wp-json\/wp\/v2\/comments?post=12"}],"version-history":[{"count":8,"href":"https:\/\/lacittafutura.net\/matteociviero\/wp-json\/wp\/v2\/pages\/12\/revisions"}],"predecessor-version":[{"id":44,"href":"https:\/\/lacittafutura.net\/matteociviero\/wp-json\/wp\/v2\/pages\/12\/revisions\/44"}],"wp:attachment":[{"href":"https:\/\/lacittafutura.net\/matteociviero\/wp-json\/wp\/v2\/media?parent=12"}],"curies":[{"name":"wp","href":"https:\/\/api.w.org\/{rel}","templated":true}]}}