{"id":168,"date":"2010-11-09T11:51:48","date_gmt":"2010-11-09T11:51:48","guid":{"rendered":"http:\/\/lacittafutura.net\/adrianozanon\/"},"modified":"2018-07-05T13:47:56","modified_gmt":"2018-07-05T13:47:56","slug":"scopo","status":"publish","type":"page","link":"https:\/\/lacittafutura.net\/adrianozanon\/scopo\/","title":{"rendered":"Questo blog"},"content":{"rendered":"<p>Questo blog \u00e8 fatto di piccoli pezzi\u00a0scritti ad ogni buona occasione.\u00a0L&#8217;obiettivo \u00e8 quello di commentare e\u00a0criticare eventi e comportamenti politici e culturali\u00a0senza una frequenza certa\u00a0e senza un campo un campo limitato, anche se perlopi\u00f9 legato alla presenza\u00a0del sito\u00a0<em>La Citt\u00e0 Futura<\/em>.<\/p>\n<p>Questo blog dunque \u00e8 schierato, partigiano. E qui non si rinuncia al sarcasmo, n\u00e9 per ragioni diplomatiche, n\u00e9\u00a0per eleganza. Si useranno gli strumenti adatti\u00a0alla\u00a0battaglia necessaria e giusta.<\/p>\n<p>I commenti e le critiche sono benvenuti. Mi scuso in anticipo se non sar\u00f2 sempre tempestivo nel pubblicarli.<\/p>\n","protected":false},"excerpt":{"rendered":"<p>Questo blog \u00e8 fatto di piccoli pezzi\u00a0scritti ad ogni buona occasione.\u00a0L&#8217;obiettivo \u00e8 quello di commentare e\u00a0criticare eventi e comportamenti politici e culturali\u00a0senza una frequenza certa\u00a0e senza un campo un campo limitato, anche se perlopi\u00f9 legato alla presenza\u00a0del sito\u00a0La Citt\u00e0 Futura. &hellip; <a href=\"https:\/\/lacittafutura.net\/adrianozanon\/scopo\/\">Continua a leggere<span class=\"meta-nav\">&rarr;<\/span><\/a><\/p>\n","protected":false},"author":6,"featured_media":0,"parent":0,"menu_order":0,"comment_status":"open","ping_status":"open","template":"","meta":{"footnotes":""},"class_list":["post-168","page","type-page","status-publish","hentry"],"_links":{"self":[{"href":"https:\/\/lacittafutura.net\/adrianozanon\/wp-json\/wp\/v2\/pages\/168","targetHints":{"allow":["GET"]}}],"collection":[{"href":"https:\/\/lacittafutura.net\/adrianozanon\/wp-json\/wp\/v2\/pages"}],"about":[{"href":"https:\/\/lacittafutura.net\/adrianozanon\/wp-json\/wp\/v2\/types\/page"}],"author":[{"embeddable":true,"href":"https:\/\/lacittafutura.net\/adrianozanon\/wp-json\/wp\/v2\/users\/6"}],"replies":[{"embeddable":true,"href":"https:\/\/lacittafutura.net\/adrianozanon\/wp-json\/wp\/v2\/comments?post=168"}],"version-history":[{"count":13,"href":"https:\/\/lacittafutura.net\/adrianozanon\/wp-json\/wp\/v2\/pages\/168\/revisions"}],"predecessor-version":[{"id":12167,"href":"https:\/\/lacittafutura.net\/adrianozanon\/wp-json\/wp\/v2\/pages\/168\/revisions\/12167"}],"wp:attachment":[{"href":"https:\/\/lacittafutura.net\/adrianozanon\/wp-json\/wp\/v2\/media?parent=168"}],"curies":[{"name":"wp","href":"https:\/\/api.w.org\/{rel}","templated":true}]}}