{"id":1482,"date":"2011-04-03T16:39:11","date_gmt":"2011-04-03T16:39:11","guid":{"rendered":"http:\/\/lacittafutura.net\/adrianozanon\/"},"modified":"2016-03-06T21:52:29","modified_gmt":"2016-03-06T21:52:29","slug":"il-pianeta-verde","status":"publish","type":"page","link":"https:\/\/lacittafutura.net\/adrianozanon\/il-pianeta-verde\/","title":{"rendered":"Il pianeta verde"},"content":{"rendered":"<p>Il pianeta verde (<em>La Belle Verte<\/em>) \u00e8 un film del 1996 diretto da Coline Serrau.<br \/>\nSi pu\u00f2 trovare in versione\u00a0integrale su Google Video, ma non in\u00a0ottima definizione. Su\u00a0YouTube si trova a spezzoni, come questo, l&#8217;inizio.<\/p>\n<p>Per me il film \u00e8 geniale perch\u00e9 \u00e8 semplice. E&#8217; incredibile come la semplice descrizione della vita sulla terra ne dimostri tutta l&#8217;assurdit\u00e0.<\/p>\n<p><iframe loading=\"lazy\" title=\"Il pianeta verde -un film di coline serreau - francia 1996\" width=\"640\" height=\"480\" src=\"https:\/\/www.youtube.com\/embed\/lFUoyNOiTSY?feature=oembed\" frameborder=\"0\" allow=\"accelerometer; autoplay; clipboard-write; encrypted-media; gyroscope; picture-in-picture; web-share\" referrerpolicy=\"strict-origin-when-cross-origin\" allowfullscreen><\/iframe><\/p>\n<p>&nbsp;<\/p>\n","protected":false},"excerpt":{"rendered":"<p>Il pianeta verde (La Belle Verte) \u00e8 un film del 1996 diretto da Coline Serrau. Si pu\u00f2 trovare in versione\u00a0integrale su Google Video, ma non in\u00a0ottima definizione. Su\u00a0YouTube si trova a spezzoni, come questo, l&#8217;inizio. Per me il film \u00e8 &hellip; <a href=\"https:\/\/lacittafutura.net\/adrianozanon\/il-pianeta-verde\/\">Continua a leggere<span class=\"meta-nav\">&rarr;<\/span><\/a><\/p>\n","protected":false},"author":6,"featured_media":0,"parent":0,"menu_order":7,"comment_status":"open","ping_status":"open","template":"","meta":{"footnotes":""},"class_list":["post-1482","page","type-page","status-publish","hentry"],"_links":{"self":[{"href":"https:\/\/lacittafutura.net\/adrianozanon\/wp-json\/wp\/v2\/pages\/1482","targetHints":{"allow":["GET"]}}],"collection":[{"href":"https:\/\/lacittafutura.net\/adrianozanon\/wp-json\/wp\/v2\/pages"}],"about":[{"href":"https:\/\/lacittafutura.net\/adrianozanon\/wp-json\/wp\/v2\/types\/page"}],"author":[{"embeddable":true,"href":"https:\/\/lacittafutura.net\/adrianozanon\/wp-json\/wp\/v2\/users\/6"}],"replies":[{"embeddable":true,"href":"https:\/\/lacittafutura.net\/adrianozanon\/wp-json\/wp\/v2\/comments?post=1482"}],"version-history":[{"count":21,"href":"https:\/\/lacittafutura.net\/adrianozanon\/wp-json\/wp\/v2\/pages\/1482\/revisions"}],"predecessor-version":[{"id":11182,"href":"https:\/\/lacittafutura.net\/adrianozanon\/wp-json\/wp\/v2\/pages\/1482\/revisions\/11182"}],"wp:attachment":[{"href":"https:\/\/lacittafutura.net\/adrianozanon\/wp-json\/wp\/v2\/media?parent=1482"}],"curies":[{"name":"wp","href":"https:\/\/api.w.org\/{rel}","templated":true}]}}